{"id":845,"date":"2021-04-21T20:04:15","date_gmt":"2021-04-21T18:04:15","guid":{"rendered":"https:\/\/famillecolibri.com\/?page_id=845"},"modified":"2021-04-22T03:12:55","modified_gmt":"2021-04-22T01:12:55","slug":"pourquoi-famille-colibri","status":"publish","type":"page","link":"https:\/\/famillecolibri.com\/index.php\/pourquoi-famille-colibri\/","title":{"rendered":"Pourquoi famille colibri?"},"content":{"rendered":"\n<p>Depuis la naissance d&rsquo;Ella et L\u00e9o, nous leur lisons quotidiennement des histoires , comme bien d&rsquo;autres parents, mais le d\u00e9fi, pour nous, en Nouvelle-\u00c9cosse, c&rsquo;est de trouver des livres en fran\u00e7ais alors nous nous sommes vite tourn\u00e9es vers Internet pour trouver du mat\u00e9riel.  Un jour, nous sommes tomb\u00e9es sur <em> <\/em><a href=\"https:\/\/www.leslibraires.ca\/livres\/la-legende-du-colibri-denis-kormann-9782330062682.html\"><em>La l\u00e9gende du colibri<\/em> de Denis Kormann <\/a> (site canadien ou <em><a href=\"https:\/\/www.decitre.fr\/livres\/la-legende-du-colibri-9782330024215.html\">La l\u00e9gende du colibri<\/a><\/em> site fran\u00e7ais) lue et mise en musique par ZAZ et le choc a \u00e9t\u00e9 monumental\u2026 <\/p>\n\n\n\n<p>Cette histoire illustre parfaitement notre philosophie de vie et les valeurs que nous essayons de transmettre \u00e0 nos petits loups : \u00ab\u00a0je sais que je n&rsquo;y arriverai pas seul, mais je fais ma part\u00a0\u00bb. <\/p>\n\n\n\n<p>M\u00eame si les autres pensent que tu es bizarre parce que tu es seul et petit face \u00e0 un obstacle  gigantesque, ne regarde pas ailleurs, ne cache pas le probl\u00e8me sous le tapis, remonte tes manches et agis&#8230;Tu verras,  les autres se joindront \u00e0 toi, et ensemble vous r\u00e9ussirez!! Dans le cas contraire, tu auras fait tout ton possible et il faudra accepter que tu n&rsquo;y peux rien mais quoi qu&rsquo;il arrive tu auras appris, tu auras grandi.<\/p>\n\n\n\n<p><\/p>\n\n\n\n<figure class=\"wp-block-embed is-type-video is-provider-youtube wp-block-embed-youtube wp-embed-aspect-4-3 wp-has-aspect-ratio\"><div class=\"wp-block-embed__wrapper\">\n<iframe loading=\"lazy\" title=\"ZAZ raconte La l\u00e9gende du colibri\" width=\"676\" height=\"507\" src=\"https:\/\/www.youtube.com\/embed\/zbv3CoRH29o?feature=oembed\" frameborder=\"0\" allow=\"accelerometer; autoplay; clipboard-write; encrypted-media; gyroscope; picture-in-picture\" allowfullscreen><\/iframe>\n<\/div><\/figure>\n\n\n\n<p>Ces valeurs, nous les appliquons (ou essayons de les appliquer) dans tous les domaines de notre vie, et ce qui nous tient tous \u00e0 c\u0153ur, c&rsquo;est la protection de l&rsquo;environnement. Non pas parce que ce sujet est dans l&rsquo;air du temps, non, tout simplement parce que nous aimons tous manger (sans risquer d&rsquo;\u00eatre malade), nous promener dans la for\u00eat, au bord de la mer sans voir des poubelles partout. <\/p>\n\n\n\n<p>Alors r\u00e9guli\u00e8rement nous faisons le  colibri et profitons d&rsquo;une promenade pour mettre nos gants de colibris et ramasser les poubelles que nous croisons, si \u00e7a vous dit, c&rsquo;est simple : <\/p>\n\n\n\n<ul class=\"wp-block-list\"><li>mettez une paire de gants de jardinage et quelques sacs poubelles dans une pochette \u00e0 garder dans votre sac,<\/li><li>choisissez une journ\u00e9e par semaine de promenade en famille<\/li><li>et c&rsquo;est parti, ramassez les poubelles en toute s\u00e9curit\u00e9 (\u00e0 vous de d\u00e9terminer vos limites : ce qui vous semble dangereux, ou trop d\u00e9go\u00fbtant)<\/li><li>vous pouvez m\u00eame transformer cela en concours par \u00e9quipe et peser votre *r\u00e9colte*<\/li><li>vous pouvez aussi cr\u00e9er un groupe dans votre quartier<\/li><\/ul>\n\n\n\n<p class=\"has-text-align-center\">AMUSEZ-VOUS! Ensemble nous y arriverons!!<\/p>\n\n\n\n<figure class=\"wp-block-gallery columns-3 is-cropped wp-block-gallery-1 is-layout-flex wp-block-gallery-is-layout-flex\"><ul class=\"blocks-gallery-grid\"><li class=\"blocks-gallery-item\"><figure><img loading=\"lazy\" decoding=\"async\" width=\"1024\" height=\"768\" src=\"https:\/\/famillecolibri.com\/wp-content\/uploads\/2021\/04\/44859951_1988592814588054_7760200103582760960_n-1024x768.jpg\" alt=\"\" data-id=\"869\" data-full-url=\"https:\/\/famillecolibri.com\/wp-content\/uploads\/2021\/04\/44859951_1988592814588054_7760200103582760960_n.jpg\" data-link=\"https:\/\/famillecolibri.com\/index.php\/pourquoi-famille-colibri\/44859951_1988592814588054_7760200103582760960_n\/\" class=\"wp-image-869\" srcset=\"https:\/\/famillecolibri.com\/wp-content\/uploads\/2021\/04\/44859951_1988592814588054_7760200103582760960_n-1024x768.jpg 1024w, https:\/\/famillecolibri.com\/wp-content\/uploads\/2021\/04\/44859951_1988592814588054_7760200103582760960_n-300x225.jpg 300w, https:\/\/famillecolibri.com\/wp-content\/uploads\/2021\/04\/44859951_1988592814588054_7760200103582760960_n-768x576.jpg 768w, https:\/\/famillecolibri.com\/wp-content\/uploads\/2021\/04\/44859951_1988592814588054_7760200103582760960_n-1536x1152.jpg 1536w, https:\/\/famillecolibri.com\/wp-content\/uploads\/2021\/04\/44859951_1988592814588054_7760200103582760960_n-676x507.jpg 676w, https:\/\/famillecolibri.com\/wp-content\/uploads\/2021\/04\/44859951_1988592814588054_7760200103582760960_n.jpg 1728w\" sizes=\"auto, (max-width: 1024px) 100vw, 1024px\" \/><\/figure><\/li><li class=\"blocks-gallery-item\"><figure><img loading=\"lazy\" decoding=\"async\" width=\"1024\" height=\"768\" src=\"https:\/\/famillecolibri.com\/wp-content\/uploads\/2021\/04\/64731066_2342186875895311_577317705653157888_n-1024x768.jpg\" alt=\"\" data-id=\"871\" data-full-url=\"https:\/\/famillecolibri.com\/wp-content\/uploads\/2021\/04\/64731066_2342186875895311_577317705653157888_n.jpg\" data-link=\"https:\/\/famillecolibri.com\/index.php\/pourquoi-famille-colibri\/64731066_2342186875895311_577317705653157888_n\/\" class=\"wp-image-871\" srcset=\"https:\/\/famillecolibri.com\/wp-content\/uploads\/2021\/04\/64731066_2342186875895311_577317705653157888_n-1024x768.jpg 1024w, https:\/\/famillecolibri.com\/wp-content\/uploads\/2021\/04\/64731066_2342186875895311_577317705653157888_n-300x225.jpg 300w, https:\/\/famillecolibri.com\/wp-content\/uploads\/2021\/04\/64731066_2342186875895311_577317705653157888_n-768x576.jpg 768w, https:\/\/famillecolibri.com\/wp-content\/uploads\/2021\/04\/64731066_2342186875895311_577317705653157888_n-1536x1152.jpg 1536w, https:\/\/famillecolibri.com\/wp-content\/uploads\/2021\/04\/64731066_2342186875895311_577317705653157888_n-676x507.jpg 676w, https:\/\/famillecolibri.com\/wp-content\/uploads\/2021\/04\/64731066_2342186875895311_577317705653157888_n.jpg 2048w\" sizes=\"auto, (max-width: 1024px) 100vw, 1024px\" \/><\/figure><\/li><li class=\"blocks-gallery-item\"><figure><img loading=\"lazy\" decoding=\"async\" width=\"274\" height=\"206\" src=\"https:\/\/famillecolibri.com\/wp-content\/uploads\/2021\/04\/93374134_2964309993682993_7722740201985933312_n.jpg\" alt=\"\" data-id=\"872\" data-full-url=\"https:\/\/famillecolibri.com\/wp-content\/uploads\/2021\/04\/93374134_2964309993682993_7722740201985933312_n.jpg\" data-link=\"https:\/\/famillecolibri.com\/index.php\/pourquoi-famille-colibri\/93374134_2964309993682993_7722740201985933312_n\/\" class=\"wp-image-872\"\/><\/figure><\/li><li class=\"blocks-gallery-item\"><figure><img loading=\"lazy\" decoding=\"async\" width=\"960\" height=\"720\" src=\"https:\/\/famillecolibri.com\/wp-content\/uploads\/2021\/04\/94264863_2964310847016241_1782309851863449600_n.jpg\" alt=\"\" data-id=\"873\" data-full-url=\"https:\/\/famillecolibri.com\/wp-content\/uploads\/2021\/04\/94264863_2964310847016241_1782309851863449600_n.jpg\" data-link=\"https:\/\/famillecolibri.com\/index.php\/pourquoi-famille-colibri\/94264863_2964310847016241_1782309851863449600_n\/\" class=\"wp-image-873\" srcset=\"https:\/\/famillecolibri.com\/wp-content\/uploads\/2021\/04\/94264863_2964310847016241_1782309851863449600_n.jpg 960w, https:\/\/famillecolibri.com\/wp-content\/uploads\/2021\/04\/94264863_2964310847016241_1782309851863449600_n-300x225.jpg 300w, https:\/\/famillecolibri.com\/wp-content\/uploads\/2021\/04\/94264863_2964310847016241_1782309851863449600_n-768x576.jpg 768w, https:\/\/famillecolibri.com\/wp-content\/uploads\/2021\/04\/94264863_2964310847016241_1782309851863449600_n-676x507.jpg 676w\" sizes=\"auto, (max-width: 960px) 100vw, 960px\" \/><\/figure><\/li><li class=\"blocks-gallery-item\"><figure><img loading=\"lazy\" decoding=\"async\" width=\"960\" height=\"742\" src=\"https:\/\/famillecolibri.com\/wp-content\/uploads\/2021\/04\/94433178_2964310803682912_5437956400972038144_n.jpg\" alt=\"\" data-id=\"874\" data-full-url=\"https:\/\/famillecolibri.com\/wp-content\/uploads\/2021\/04\/94433178_2964310803682912_5437956400972038144_n.jpg\" data-link=\"https:\/\/famillecolibri.com\/index.php\/pourquoi-famille-colibri\/94433178_2964310803682912_5437956400972038144_n\/\" class=\"wp-image-874\" srcset=\"https:\/\/famillecolibri.com\/wp-content\/uploads\/2021\/04\/94433178_2964310803682912_5437956400972038144_n.jpg 960w, https:\/\/famillecolibri.com\/wp-content\/uploads\/2021\/04\/94433178_2964310803682912_5437956400972038144_n-300x232.jpg 300w, https:\/\/famillecolibri.com\/wp-content\/uploads\/2021\/04\/94433178_2964310803682912_5437956400972038144_n-768x594.jpg 768w, https:\/\/famillecolibri.com\/wp-content\/uploads\/2021\/04\/94433178_2964310803682912_5437956400972038144_n-676x522.jpg 676w\" sizes=\"auto, (max-width: 960px) 100vw, 960px\" \/><\/figure><\/li><li class=\"blocks-gallery-item\"><figure><img loading=\"lazy\" decoding=\"async\" width=\"1024\" height=\"768\" src=\"https:\/\/famillecolibri.com\/wp-content\/uploads\/2021\/04\/100746107_3054471171333541_280203451642675200_n-1024x768.jpg\" alt=\"\" data-id=\"875\" data-full-url=\"https:\/\/famillecolibri.com\/wp-content\/uploads\/2021\/04\/100746107_3054471171333541_280203451642675200_n.jpg\" data-link=\"https:\/\/famillecolibri.com\/index.php\/pourquoi-famille-colibri\/100746107_3054471171333541_280203451642675200_n\/\" class=\"wp-image-875\" srcset=\"https:\/\/famillecolibri.com\/wp-content\/uploads\/2021\/04\/100746107_3054471171333541_280203451642675200_n-1024x768.jpg 1024w, https:\/\/famillecolibri.com\/wp-content\/uploads\/2021\/04\/100746107_3054471171333541_280203451642675200_n-300x225.jpg 300w, https:\/\/famillecolibri.com\/wp-content\/uploads\/2021\/04\/100746107_3054471171333541_280203451642675200_n-768x576.jpg 768w, https:\/\/famillecolibri.com\/wp-content\/uploads\/2021\/04\/100746107_3054471171333541_280203451642675200_n-1536x1152.jpg 1536w, https:\/\/famillecolibri.com\/wp-content\/uploads\/2021\/04\/100746107_3054471171333541_280203451642675200_n-676x507.jpg 676w, https:\/\/famillecolibri.com\/wp-content\/uploads\/2021\/04\/100746107_3054471171333541_280203451642675200_n.jpg 2048w\" sizes=\"auto, (max-width: 1024px) 100vw, 1024px\" \/><\/figure><\/li><li class=\"blocks-gallery-item\"><figure><img loading=\"lazy\" decoding=\"async\" width=\"768\" height=\"1024\" src=\"https:\/\/famillecolibri.com\/wp-content\/uploads\/2021\/04\/101300276_3054470368000288_2046307481365250048_n-768x1024.jpg\" alt=\"\" data-id=\"876\" data-full-url=\"https:\/\/famillecolibri.com\/wp-content\/uploads\/2021\/04\/101300276_3054470368000288_2046307481365250048_n.jpg\" data-link=\"https:\/\/famillecolibri.com\/index.php\/pourquoi-famille-colibri\/101300276_3054470368000288_2046307481365250048_n\/\" class=\"wp-image-876\" srcset=\"https:\/\/famillecolibri.com\/wp-content\/uploads\/2021\/04\/101300276_3054470368000288_2046307481365250048_n-768x1024.jpg 768w, https:\/\/famillecolibri.com\/wp-content\/uploads\/2021\/04\/101300276_3054470368000288_2046307481365250048_n-225x300.jpg 225w, https:\/\/famillecolibri.com\/wp-content\/uploads\/2021\/04\/101300276_3054470368000288_2046307481365250048_n-1152x1536.jpg 1152w, https:\/\/famillecolibri.com\/wp-content\/uploads\/2021\/04\/101300276_3054470368000288_2046307481365250048_n-676x901.jpg 676w, https:\/\/famillecolibri.com\/wp-content\/uploads\/2021\/04\/101300276_3054470368000288_2046307481365250048_n.jpg 1536w\" sizes=\"auto, (max-width: 768px) 100vw, 768px\" \/><\/figure><\/li><li class=\"blocks-gallery-item\"><figure><img loading=\"lazy\" decoding=\"async\" width=\"768\" height=\"1024\" src=\"https:\/\/famillecolibri.com\/wp-content\/uploads\/2021\/04\/169380904_3906337159480267_4632338393275310762_n-1-768x1024.jpg\" alt=\"\" data-id=\"877\" data-full-url=\"https:\/\/famillecolibri.com\/wp-content\/uploads\/2021\/04\/169380904_3906337159480267_4632338393275310762_n-1.jpg\" data-link=\"https:\/\/famillecolibri.com\/index.php\/pourquoi-famille-colibri\/169380904_3906337159480267_4632338393275310762_n-2\/\" class=\"wp-image-877\" srcset=\"https:\/\/famillecolibri.com\/wp-content\/uploads\/2021\/04\/169380904_3906337159480267_4632338393275310762_n-1-768x1024.jpg 768w, https:\/\/famillecolibri.com\/wp-content\/uploads\/2021\/04\/169380904_3906337159480267_4632338393275310762_n-1-225x300.jpg 225w, https:\/\/famillecolibri.com\/wp-content\/uploads\/2021\/04\/169380904_3906337159480267_4632338393275310762_n-1-1152x1536.jpg 1152w, https:\/\/famillecolibri.com\/wp-content\/uploads\/2021\/04\/169380904_3906337159480267_4632338393275310762_n-1-676x901.jpg 676w, https:\/\/famillecolibri.com\/wp-content\/uploads\/2021\/04\/169380904_3906337159480267_4632338393275310762_n-1.jpg 1536w\" sizes=\"auto, (max-width: 768px) 100vw, 768px\" \/><\/figure><\/li><\/ul><\/figure>\n","protected":false},"excerpt":{"rendered":"<p>Depuis la naissance d&rsquo;Ella et L\u00e9o, nous leur lisons quotidiennement des histoires , comme bien d&rsquo;autres parents, mais le d\u00e9fi, pour nous, en Nouvelle-\u00c9cosse, c&rsquo;est de trouver des livres en fran\u00e7ais alors nous nous sommes vite tourn\u00e9es vers Internet pour trouver du mat\u00e9riel. Un jour, nous sommes tomb\u00e9es sur La l\u00e9gende du colibri de Denis [&hellip;]<\/p>\n","protected":false},"author":2,"featured_media":0,"parent":0,"menu_order":0,"comment_status":"closed","ping_status":"closed","template":"","meta":{"om_disable_all_campaigns":false,"_monsterinsights_skip_tracking":false,"_monsterinsights_sitenote_active":false,"_monsterinsights_sitenote_note":"","_monsterinsights_sitenote_category":0,"footnotes":""},"class_list":["post-845","page","type-page","status-publish","hentry","post-preview"],"_links":{"self":[{"href":"https:\/\/famillecolibri.com\/index.php\/wp-json\/wp\/v2\/pages\/845","targetHints":{"allow":["GET"]}}],"collection":[{"href":"https:\/\/famillecolibri.com\/index.php\/wp-json\/wp\/v2\/pages"}],"about":[{"href":"https:\/\/famillecolibri.com\/index.php\/wp-json\/wp\/v2\/types\/page"}],"author":[{"embeddable":true,"href":"https:\/\/famillecolibri.com\/index.php\/wp-json\/wp\/v2\/users\/2"}],"replies":[{"embeddable":true,"href":"https:\/\/famillecolibri.com\/index.php\/wp-json\/wp\/v2\/comments?post=845"}],"version-history":[{"count":8,"href":"https:\/\/famillecolibri.com\/index.php\/wp-json\/wp\/v2\/pages\/845\/revisions"}],"predecessor-version":[{"id":906,"href":"https:\/\/famillecolibri.com\/index.php\/wp-json\/wp\/v2\/pages\/845\/revisions\/906"}],"wp:attachment":[{"href":"https:\/\/famillecolibri.com\/index.php\/wp-json\/wp\/v2\/media?parent=845"}],"curies":[{"name":"wp","href":"https:\/\/api.w.org\/{rel}","templated":true}]}}